{"id":1669,"date":"2023-12-23T09:31:52","date_gmt":"2023-12-23T14:31:52","guid":{"rendered":"https:\/\/laravistudiocu.com\/?page_id=1669"},"modified":"2024-09-11T20:59:50","modified_gmt":"2024-09-12T00:59:50","slug":"paquetes-para-quinceaneras","status":"publish","type":"page","link":"https:\/\/laravistudiocu.com\/index.php\/paquetes-para-quinceaneras\/","title":{"rendered":"Paquetes para Quincea\u00f1eras"},"content":{"rendered":"\t\t<div data-elementor-type=\"wp-page\" data-elementor-id=\"1669\" class=\"elementor elementor-1669\">\n\t\t\t\t\t\t\t\t\t<section class=\"elementor-section elementor-top-section elementor-element elementor-element-vt1fq7z elementor-section-content-middle elementor-section-boxed elementor-section-height-default elementor-section-height-default\" data-id=\"vt1fq7z\" data-element_type=\"section\" data-settings=\"{&quot;background_background&quot;:&quot;classic&quot;}\">\n\t\t\t\t\t\t\t<div class=\"elementor-background-overlay\"><\/div>\n\t\t\t\t\t\t\t<div class=\"elementor-container elementor-column-gap-no\">\n\t\t\t\t\t<div class=\"elementor-column elementor-col-100 elementor-top-column elementor-element elementor-element-f69add9\" data-id=\"f69add9\" data-element_type=\"column\">\n\t\t\t<div class=\"elementor-widget-wrap elementor-element-populated\">\n\t\t\t\t\t\t\t\t<div class=\"elementor-element elementor-element-8b7d1ee elementor-widget elementor-widget-image\" data-id=\"8b7d1ee\" data-element_type=\"widget\" data-widget_type=\"image.default\">\n\t\t\t\t<div class=\"elementor-widget-container\">\n\t\t\t<style>\/*! elementor - v3.18.0 - 20-12-2023 *\/\n.elementor-widget-image{text-align:center}.elementor-widget-image a{display:inline-block}.elementor-widget-image a img[src$=\".svg\"]{width:48px}.elementor-widget-image img{vertical-align:middle;display:inline-block}<\/style>\t\t\t\t\t\t\t\t\t\t\t\t<img fetchpriority=\"high\" decoding=\"async\" width=\"2560\" height=\"2048\" src=\"https:\/\/laravistudiocu.com\/wp-content\/uploads\/2023\/12\/DSC_6168-scaled.jpg\" class=\"attachment-full size-full wp-image-1860\" alt=\"\" srcset=\"https:\/\/laravistudiocu.com\/wp-content\/uploads\/2023\/12\/DSC_6168-scaled.jpg 2560w, https:\/\/laravistudiocu.com\/wp-content\/uploads\/2023\/12\/DSC_6168-300x240.jpg 300w, https:\/\/laravistudiocu.com\/wp-content\/uploads\/2023\/12\/DSC_6168-1024x819.jpg 1024w, https:\/\/laravistudiocu.com\/wp-content\/uploads\/2023\/12\/DSC_6168-768x614.jpg 768w, https:\/\/laravistudiocu.com\/wp-content\/uploads\/2023\/12\/DSC_6168-1536x1229.jpg 1536w, https:\/\/laravistudiocu.com\/wp-content\/uploads\/2023\/12\/DSC_6168-2048x1638.jpg 2048w\" sizes=\"(max-width: 2560px) 100vw, 2560px\" \/>\t\t\t\t\t\t\t\t\t\t\t\t\t\t\t<\/div>\n\t\t\t\t<\/div>\n\t\t\t\t<div class=\"elementor-element elementor-element-0c78bee elementor-widget elementor-widget-heading\" data-id=\"0c78bee\" data-element_type=\"widget\" data-widget_type=\"heading.default\">\n\t\t\t\t<div class=\"elementor-widget-container\">\n\t\t\t<style>\/*! elementor - v3.18.0 - 20-12-2023 *\/\n.elementor-heading-title{padding:0;margin:0;line-height:1}.elementor-widget-heading .elementor-heading-title[class*=elementor-size-]>a{color:inherit;font-size:inherit;line-height:inherit}.elementor-widget-heading .elementor-heading-title.elementor-size-small{font-size:15px}.elementor-widget-heading .elementor-heading-title.elementor-size-medium{font-size:19px}.elementor-widget-heading .elementor-heading-title.elementor-size-large{font-size:29px}.elementor-widget-heading .elementor-heading-title.elementor-size-xl{font-size:39px}.elementor-widget-heading .elementor-heading-title.elementor-size-xxl{font-size:59px}<\/style><h2 class=\"elementor-heading-title elementor-size-default\">ofertas para quincea\u00f1eras<\/h2>\t\t<\/div>\n\t\t\t\t<\/div>\n\t\t\t\t<div class=\"elementor-element elementor-element-a261244 elementor-widget elementor-widget-text-editor\" data-id=\"a261244\" data-element_type=\"widget\" data-widget_type=\"text-editor.default\">\n\t\t\t\t<div class=\"elementor-widget-container\">\n\t\t\t<style>\/*! elementor - v3.18.0 - 20-12-2023 *\/\n.elementor-widget-text-editor.elementor-drop-cap-view-stacked .elementor-drop-cap{background-color:#69727d;color:#fff}.elementor-widget-text-editor.elementor-drop-cap-view-framed .elementor-drop-cap{color:#69727d;border:3px solid;background-color:transparent}.elementor-widget-text-editor:not(.elementor-drop-cap-view-default) .elementor-drop-cap{margin-top:8px}.elementor-widget-text-editor:not(.elementor-drop-cap-view-default) .elementor-drop-cap-letter{width:1em;height:1em}.elementor-widget-text-editor .elementor-drop-cap{float:left;text-align:center;line-height:1;font-size:50px}.elementor-widget-text-editor .elementor-drop-cap-letter{display:inline-block}<\/style>\t\t\t\t<p>1. Por 26325: 10 Fotos 8&#215;10, Ampliaci\u00f3n 16&#215;24 con marco, \u00c1lbum Personalizado. Con 3 Vestidos. Digital: 14915<\/p><p>\u00a0<\/p><p>2. Por 29600: 15 Fotos 8&#215;10, Ampliaci\u00f3n 16&#215;24 con marco, \u00c1lbum Personalizado. Con 3 Vestidos. Digital: 16965<\/p><p>\u00a0<\/p><p>3. Por 33675: 15 fotos 8&#215;10 Ampliaci\u00f3n 24&#215;32 con marco, \u00c1lbum Personaliazado. Con 3 vestidos. Digital: 18825<\/p><p>\u00a0<\/p><p>4. Por 39425: 24 Fotos 8&#215;12 ,Ampliaci\u00f3n 16&#215;24 con marco, \u00c1lbum Personalizado. Con 4 Vestidos. Digital: 23275<\/p><p>\u00a0<\/p><p>5. Por 40570: 24 Fotos 8&#215;10 Ampliaci\u00f3n 24&#215;32 con marco y \u00c1lbum Personalizado. Con 4 Vestidos Digital: 23515<\/p><p>\u00a0<\/p><p>6. Por 41370: 24 Fotos 8&#215;10 Ampliaci\u00f3n 24&#215;39 con marco y \u00c1lbum Personalizado. Con 4 Vestidos. Digital: 23865<\/p><p>\u00a0<\/p><p>7. Por 44500: 24 Fotos 8&#215;12 Ampliaci\u00f3n 24&#215;32 con marco, \u00c1lbum Personalizado. Con 5 Vestidos. Digital: 26135<\/p><p>\u00a0<\/p><p>8. Por 49700: 24 Fotos 8&#215;12 Ampliaci\u00f3n 31&#215;47 en lonilla, \u00c1lbum Personalizado. Con 5 Vestidos. Digital: 31185<\/p><p>\u00a0<\/p><p>9. Por 53820: 24 Fotos 10&#215;12 Ampliaci\u00f3n 31&#215;47 en lonilla y \u00c1lbum Personalizado. Con 5 Vestidos. Digital: 33475<\/p><p>\u00a0<\/p><p>10. Por 62800: 24 Fotos 8&#215;12, Revista 8&#215;12 Ampliaci\u00f3n 24&#215;39 con marco, \u00c1lbum Personalizado.Con 5 Vestidos. (Transporte Incuido) Digital: 38985<\/p><p>\u00a0<\/p><p>11. Por 66800: Fotobook 8&#215;12, Revista 8&#215;12 Ampliaci\u00f3n 31&#215;47 en Lonilla. Con 5 Vestidos. (Transporte Incluido) Digital: 42475<\/p>\t\t\t\t\t\t<\/div>\n\t\t\t\t<\/div>\n\t\t\t\t\t<\/div>\n\t\t<\/div>\n\t\t\t\t\t\t\t<\/div>\n\t\t<\/section>\n\t\t\t\t<section class=\"elementor-section elementor-top-section elementor-element elementor-element-91jcrxi elementor-section-content-middle elementor-section-boxed elementor-section-height-default elementor-section-height-default\" data-id=\"91jcrxi\" data-element_type=\"section\" data-settings=\"{&quot;background_background&quot;:&quot;classic&quot;}\">\n\t\t\t\t\t\t\t<div class=\"elementor-background-overlay\"><\/div>\n\t\t\t\t\t\t\t<div class=\"elementor-container elementor-column-gap-no\">\n\t\t\t\t\t<div class=\"elementor-column elementor-col-100 elementor-top-column elementor-element elementor-element-ae5748a\" data-id=\"ae5748a\" data-element_type=\"column\">\n\t\t\t<div class=\"elementor-widget-wrap elementor-element-populated\">\n\t\t\t\t\t\t\t\t<div class=\"elementor-element elementor-element-05a7b34 elementor-widget elementor-widget-image\" data-id=\"05a7b34\" data-element_type=\"widget\" data-widget_type=\"image.default\">\n\t\t\t\t<div class=\"elementor-widget-container\">\n\t\t\t\t\t\t\t\t\t\t\t\t\t\t\t<img decoding=\"async\" width=\"2560\" height=\"2133\" src=\"https:\/\/laravistudiocu.com\/wp-content\/uploads\/2023\/12\/DSC_8053-scaled.jpg\" class=\"attachment-full size-full wp-image-1881\" alt=\"\" srcset=\"https:\/\/laravistudiocu.com\/wp-content\/uploads\/2023\/12\/DSC_8053-scaled.jpg 2560w, https:\/\/laravistudiocu.com\/wp-content\/uploads\/2023\/12\/DSC_8053-300x250.jpg 300w, https:\/\/laravistudiocu.com\/wp-content\/uploads\/2023\/12\/DSC_8053-1024x853.jpg 1024w, https:\/\/laravistudiocu.com\/wp-content\/uploads\/2023\/12\/DSC_8053-768x640.jpg 768w, https:\/\/laravistudiocu.com\/wp-content\/uploads\/2023\/12\/DSC_8053-1536x1280.jpg 1536w, https:\/\/laravistudiocu.com\/wp-content\/uploads\/2023\/12\/DSC_8053-2048x1707.jpg 2048w\" sizes=\"(max-width: 2560px) 100vw, 2560px\" \/>\t\t\t\t\t\t\t\t\t\t\t\t\t\t\t<\/div>\n\t\t\t\t<\/div>\n\t\t\t\t<div class=\"elementor-element elementor-element-0d08f75 elementor-widget elementor-widget-heading\" data-id=\"0d08f75\" data-element_type=\"widget\" data-widget_type=\"heading.default\">\n\t\t\t\t<div class=\"elementor-widget-container\">\n\t\t\t<h2 class=\"elementor-heading-title elementor-size-default\">ofertas para quincea\u00f1eras\n<\/h2>\t\t<\/div>\n\t\t\t\t<\/div>\n\t\t\t\t<div class=\"elementor-element elementor-element-fe0145e elementor-widget elementor-widget-text-editor\" data-id=\"fe0145e\" data-element_type=\"widget\" data-widget_type=\"text-editor.default\">\n\t\t\t\t<div class=\"elementor-widget-container\">\n\t\t\t\t\t\t\t<p>12. Por 66920: 24 Fotos 10&#215;12, Revista 8&#215;12 Ampliaci\u00f3n 24&#215;39 con marco, \u00c1lbum. Con 5 Vestidos. (Transporte Incluido) Digital: 41275<\/p><p>\u00a0<\/p><p>13. Por 67200: 24 Fotos 8&#215;12, Revista 8&#215;12, Ampliaci\u00f3n 31&#215;47 en Lonilla, \u00c1lbum. Con 5 Vestidos. (Transporte Incluido) Digital: 43685<\/p><p>\u00a0<\/p><p>14. Por 71000: 24 Fotos 12&#215;18 Ampliaci\u00f3n 31&#215;47 en Lonilla y \u00c1lbum Personalizado.Con 5 Vestidos. <br \/>Digital: 41735<\/p><p>\u00a0<\/p><p>15. Por 71320: 24 Fotos 10&#215;12, Revista 8&#215;12 Ampliaci\u00f3n 31&#215;47 en Lonilla, \u00c1lbum Personalizado. Con 5 vestidos. (Transporte Incluido)<br \/>Digital: 45975<\/p><p>\u00a0<\/p><p>16. Por 75800: 20 Fotos 12&#215;18 Ampliaci\u00f3n 24&#215;39 con marco y \u00c1lbum Personalizado. Con 5 vestidos. <br \/>Digital: 42700<\/p><p>\u00a0<\/p><p>17. Por 82200: Fotobook 8&#215;12, Revista 8&#215;12 Ampliaci\u00f3n 24&#215;32 con marco y Ampliaci\u00f3n 31&#215;47 en Lonilla. (Transporte Incluido) Digital: 47800<\/p><p>\u00a0<\/p><p>18. Por 82300: 20 Fotos 12&#215;18, Revista 8&#215;12 Ampliaci\u00f3n 31&#215;47 en Lonilla y \u00c1lbum Personalizado.Con 5 Vestidos (Transporte Incluido) Digital: 50625<\/p><p>\u00a0<\/p><p>19. Por 82720: 24 Fotos 10&#215;12, Fotobook 8&#215;12 y una Ampliaci\u00f3n 35&#215;53 en Lonilla, \u00c1lbum Personalizado. Con 5 vestidos. (Transporte Incluido) Digital: 52950<\/p><p>\u00a0<\/p><p>20. Por 115720: 24 Fotos 10&#215;12, Fotobook 12&#215;16 Ampliaci\u00f3n 24&#215;39 con marco, Ampliaci\u00f3n 39&#215;59 en Loniila. \u00c1lbum Personalizado.Con 5 Vestidos (Transporte Incluido) Digital: 68375<\/p>\t\t\t\t\t\t<\/div>\n\t\t\t\t<\/div>\n\t\t\t\t<div class=\"elementor-element elementor-element-d5f0685 elementor-align-center elementor-widget elementor-widget-button\" data-id=\"d5f0685\" data-element_type=\"widget\" data-widget_type=\"button.default\">\n\t\t\t\t<div class=\"elementor-widget-container\">\n\t\t\t\t\t<div class=\"elementor-button-wrapper\">\n\t\t\t<a class=\"elementor-button elementor-button-link elementor-size-sm elementor-animation-pulse-shrink\" href=\"https:\/\/laravistudiocu.com\/index.php\/reservar\/\">\n\t\t\t\t\t\t<span class=\"elementor-button-content-wrapper\">\n\t\t\t\t\t\t<span class=\"elementor-button-text\">RESERVAR AHORA<\/span>\n\t\t<\/span>\n\t\t\t\t\t<\/a>\n\t\t<\/div>\n\t\t\t\t<\/div>\n\t\t\t\t<\/div>\n\t\t\t\t\t<\/div>\n\t\t<\/div>\n\t\t\t\t\t\t\t<\/div>\n\t\t<\/section>\n\t\t\t\t\t\t\t<\/div>\n\t\t","protected":false},"excerpt":{"rendered":"<p>ofertas para quincea\u00f1eras 1. Por 26325: 10 Fotos 8&#215;10, Ampliaci\u00f3n 16&#215;24 con marco, \u00c1lbum Personalizado. Con 3 Vestidos. Digital: 14915 \u00a0 2. Por 29600: 15 Fotos 8&#215;10, Ampliaci\u00f3n 16&#215;24 con marco, \u00c1lbum Personalizado. Con 3 Vestidos. Digital: 16965 \u00a0 3. Por 33675: 15 fotos 8&#215;10 Ampliaci\u00f3n 24&#215;32 con marco, \u00c1lbum Personaliazado. Con 3 vestidos. Digital: &hellip;<\/p>\n<p class=\"read-more\"> <a class=\"\" href=\"https:\/\/laravistudiocu.com\/index.php\/paquetes-para-quinceaneras\/\"> <span class=\"screen-reader-text\">Paquetes para Quincea\u00f1eras<\/span> Leer m\u00e1s &raquo;<\/a><\/p>\n","protected":false},"author":1,"featured_media":0,"parent":0,"menu_order":0,"comment_status":"closed","ping_status":"closed","template":"","meta":{"om_disable_all_campaigns":false,"_monsterinsights_skip_tracking":false,"_monsterinsights_sitenote_active":false,"_monsterinsights_sitenote_note":"","_monsterinsights_sitenote_category":0,"site-sidebar-layout":"no-sidebar","site-content-layout":"page-builder","ast-site-content-layout":"full-width-container","site-content-style":"default","site-sidebar-style":"default","ast-global-header-display":"","ast-banner-title-visibility":"","ast-main-header-display":"","ast-hfb-above-header-display":"","ast-hfb-below-header-display":"","ast-hfb-mobile-header-display":"","site-post-title":"disabled","ast-breadcrumbs-content":"","ast-featured-img":"disabled","footer-sml-layout":"","theme-transparent-header-meta":"","adv-header-id-meta":"","stick-header-meta":"","header-above-stick-meta":"","header-main-stick-meta":"","header-below-stick-meta":"","astra-migrate-meta-layouts":"set","ast-page-background-enabled":"default","ast-page-background-meta":{"desktop":{"background-color":"var(--ast-global-color-4)","background-image":"","background-repeat":"repeat","background-position":"center center","background-size":"auto","background-attachment":"scroll","background-type":"","background-media":"","overlay-type":"","overlay-color":"","overlay-gradient":""},"tablet":{"background-color":"","background-image":"","background-repeat":"repeat","background-position":"center center","background-size":"auto","background-attachment":"scroll","background-type":"","background-media":"","overlay-type":"","overlay-color":"","overlay-gradient":""},"mobile":{"background-color":"","background-image":"","background-repeat":"repeat","background-position":"center center","background-size":"auto","background-attachment":"scroll","background-type":"","background-media":"","overlay-type":"","overlay-color":"","overlay-gradient":""}},"ast-content-background-meta":{"desktop":{"background-color":"var(--ast-global-color-5)","background-image":"","background-repeat":"repeat","background-position":"center center","background-size":"auto","background-attachment":"scroll","background-type":"","background-media":"","overlay-type":"","overlay-color":"","overlay-gradient":""},"tablet":{"background-color":"var(--ast-global-color-5)","background-image":"","background-repeat":"repeat","background-position":"center center","background-size":"auto","background-attachment":"scroll","background-type":"","background-media":"","overlay-type":"","overlay-color":"","overlay-gradient":""},"mobile":{"background-color":"var(--ast-global-color-5)","background-image":"","background-repeat":"repeat","background-position":"center center","background-size":"auto","background-attachment":"scroll","background-type":"","background-media":"","overlay-type":"","overlay-color":"","overlay-gradient":""}},"footnotes":""},"class_list":["post-1669","page","type-page","status-publish","hentry"],"aioseo_notices":[],"_links":{"self":[{"href":"https:\/\/laravistudiocu.com\/index.php\/wp-json\/wp\/v2\/pages\/1669"}],"collection":[{"href":"https:\/\/laravistudiocu.com\/index.php\/wp-json\/wp\/v2\/pages"}],"about":[{"href":"https:\/\/laravistudiocu.com\/index.php\/wp-json\/wp\/v2\/types\/page"}],"author":[{"embeddable":true,"href":"https:\/\/laravistudiocu.com\/index.php\/wp-json\/wp\/v2\/users\/1"}],"replies":[{"embeddable":true,"href":"https:\/\/laravistudiocu.com\/index.php\/wp-json\/wp\/v2\/comments?post=1669"}],"version-history":[{"count":31,"href":"https:\/\/laravistudiocu.com\/index.php\/wp-json\/wp\/v2\/pages\/1669\/revisions"}],"predecessor-version":[{"id":2201,"href":"https:\/\/laravistudiocu.com\/index.php\/wp-json\/wp\/v2\/pages\/1669\/revisions\/2201"}],"wp:attachment":[{"href":"https:\/\/laravistudiocu.com\/index.php\/wp-json\/wp\/v2\/media?parent=1669"}],"curies":[{"name":"wp","href":"https:\/\/api.w.org\/{rel}","templated":true}]}}