{"id":15,"date":"2021-11-21T15:14:41","date_gmt":"2021-11-21T15:14:41","guid":{"rendered":"https:\/\/laravistudiocu.com\/index.php\/services\/"},"modified":"2023-12-23T23:50:26","modified_gmt":"2023-12-24T04:50:26","slug":"servicios","status":"publish","type":"page","link":"https:\/\/laravistudiocu.com\/index.php\/servicios\/","title":{"rendered":"Servicios"},"content":{"rendered":"\t\t<div data-elementor-type=\"wp-page\" data-elementor-id=\"15\" class=\"elementor elementor-15\">\n\t\t\t\t\t\t\t<div class=\"elementor-element elementor-element-93263f3 e-flex e-con-boxed e-con e-parent\" data-id=\"93263f3\" data-element_type=\"container\" data-settings=\"{&quot;background_background&quot;:&quot;classic&quot;,&quot;content_width&quot;:&quot;boxed&quot;}\" data-core-v316-plus=\"true\">\n\t\t\t\t\t<div class=\"e-con-inner\">\n\t\t<div class=\"elementor-element elementor-element-6c32ff7 e-flex e-con-boxed e-con e-child\" data-id=\"6c32ff7\" data-element_type=\"container\" data-settings=\"{&quot;content_width&quot;:&quot;boxed&quot;}\">\n\t\t\t\t\t<div class=\"e-con-inner\">\n\t\t\t\t<div class=\"elementor-element elementor-element-888fcee elementor-widget elementor-widget-heading\" data-id=\"888fcee\" data-element_type=\"widget\" data-widget_type=\"heading.default\">\n\t\t\t\t<div class=\"elementor-widget-container\">\n\t\t\t<style>\/*! elementor - v3.18.0 - 20-12-2023 *\/\n.elementor-heading-title{padding:0;margin:0;line-height:1}.elementor-widget-heading .elementor-heading-title[class*=elementor-size-]>a{color:inherit;font-size:inherit;line-height:inherit}.elementor-widget-heading .elementor-heading-title.elementor-size-small{font-size:15px}.elementor-widget-heading .elementor-heading-title.elementor-size-medium{font-size:19px}.elementor-widget-heading .elementor-heading-title.elementor-size-large{font-size:29px}.elementor-widget-heading .elementor-heading-title.elementor-size-xl{font-size:39px}.elementor-widget-heading .elementor-heading-title.elementor-size-xxl{font-size:59px}<\/style><h1 class=\"elementor-heading-title elementor-size-default\">nuestros servicios<\/h1>\t\t<\/div>\n\t\t\t\t<\/div>\n\t\t\t\t\t<\/div>\n\t\t\t\t<\/div>\n\t\t\t\t\t<\/div>\n\t\t\t\t<\/div>\n\t\t<div class=\"elementor-element elementor-element-4cb475b e-flex e-con-boxed e-con e-parent\" data-id=\"4cb475b\" data-element_type=\"container\" data-settings=\"{&quot;content_width&quot;:&quot;boxed&quot;}\" data-core-v316-plus=\"true\">\n\t\t\t\t\t<div class=\"e-con-inner\">\n\t\t<div class=\"elementor-element elementor-element-9741bfd e-con-full e-flex e-con e-child\" data-id=\"9741bfd\" data-element_type=\"container\" data-settings=\"{&quot;content_width&quot;:&quot;full&quot;}\">\n\t\t\t\t<div class=\"elementor-element elementor-element-d90ef00 elementor-widget elementor-widget-image\" data-id=\"d90ef00\" data-element_type=\"widget\" data-widget_type=\"image.default\">\n\t\t\t\t<div class=\"elementor-widget-container\">\n\t\t\t<style>\/*! elementor - v3.18.0 - 20-12-2023 *\/\n.elementor-widget-image{text-align:center}.elementor-widget-image a{display:inline-block}.elementor-widget-image a img[src$=\".svg\"]{width:48px}.elementor-widget-image img{vertical-align:middle;display:inline-block}<\/style>\t\t\t\t\t\t\t\t\t\t\t\t<img fetchpriority=\"high\" decoding=\"async\" width=\"2560\" height=\"1707\" src=\"https:\/\/laravistudiocu.com\/wp-content\/uploads\/2023\/12\/DSC_6391-16x24-1-scaled.jpg\" class=\"attachment-full size-full wp-image-1814\" alt=\"\" srcset=\"https:\/\/laravistudiocu.com\/wp-content\/uploads\/2023\/12\/DSC_6391-16x24-1-scaled.jpg 2560w, https:\/\/laravistudiocu.com\/wp-content\/uploads\/2023\/12\/DSC_6391-16x24-1-300x200.jpg 300w, https:\/\/laravistudiocu.com\/wp-content\/uploads\/2023\/12\/DSC_6391-16x24-1-1024x683.jpg 1024w, https:\/\/laravistudiocu.com\/wp-content\/uploads\/2023\/12\/DSC_6391-16x24-1-768x512.jpg 768w, https:\/\/laravistudiocu.com\/wp-content\/uploads\/2023\/12\/DSC_6391-16x24-1-1536x1024.jpg 1536w, https:\/\/laravistudiocu.com\/wp-content\/uploads\/2023\/12\/DSC_6391-16x24-1-2048x1365.jpg 2048w\" sizes=\"(max-width: 2560px) 100vw, 2560px\" \/>\t\t\t\t\t\t\t\t\t\t\t\t\t\t\t<\/div>\n\t\t\t\t<\/div>\n\t\t\t\t<\/div>\n\t\t<div class=\"elementor-element elementor-element-458f621 e-con-full e-flex e-con e-child\" data-id=\"458f621\" data-element_type=\"container\" data-settings=\"{&quot;content_width&quot;:&quot;full&quot;}\">\n\t\t\t\t<div class=\"elementor-element elementor-element-57ee7d9 elementor-widget elementor-widget-heading\" data-id=\"57ee7d9\" data-element_type=\"widget\" data-widget_type=\"heading.default\">\n\t\t\t\t<div class=\"elementor-widget-container\">\n\t\t\t<h4 class=\"elementor-heading-title elementor-size-default\">FOTOGRAF\u00cdA PARA NI\u00d1OS<\/h4>\t\t<\/div>\n\t\t\t\t<\/div>\n\t\t\t\t<div class=\"elementor-element elementor-element-9dbc1b1 elementor-widget__width-initial elementor-widget elementor-widget-text-editor\" data-id=\"9dbc1b1\" data-element_type=\"widget\" data-widget_type=\"text-editor.default\">\n\t\t\t\t<div class=\"elementor-widget-container\">\n\t\t\t<style>\/*! elementor - v3.18.0 - 20-12-2023 *\/\n.elementor-widget-text-editor.elementor-drop-cap-view-stacked .elementor-drop-cap{background-color:#69727d;color:#fff}.elementor-widget-text-editor.elementor-drop-cap-view-framed .elementor-drop-cap{color:#69727d;border:3px solid;background-color:transparent}.elementor-widget-text-editor:not(.elementor-drop-cap-view-default) .elementor-drop-cap{margin-top:8px}.elementor-widget-text-editor:not(.elementor-drop-cap-view-default) .elementor-drop-cap-letter{width:1em;height:1em}.elementor-widget-text-editor .elementor-drop-cap{float:left;text-align:center;line-height:1;font-size:50px}.elementor-widget-text-editor .elementor-drop-cap-letter{display:inline-block}<\/style>\t\t\t\t<p>\u00a1Captura la dulzura y la alegr\u00eda de la infancia en cada instant\u00e1nea con nuestra fotograf\u00eda infantil! En nuestro estudio, creamos un ambiente divertido y seguro donde los ni\u00f1os pueden ser ellos mismos, mientras nuestros fot\u00f3grafos inmortalizan sus momentos m\u00e1s adorables y traviesos. Desde las sonrisas contagiosas hasta los gestos tiernos, cada imagen cuenta una historia \u00fanica de la maravillosa etapa de la ni\u00f1ez. Ya sea un retrato de tu beb\u00e9 reci\u00e9n nacido, una sesi\u00f3n de fotos de cumplea\u00f1os o simplemente una captura espont\u00e1nea de su esp\u00edritu juguet\u00f3n, nuestro equipo de trabajo transforma esos instantes en recuerdos que durar\u00e1n toda la vida. Ven y \u00fanete a nosotros para un d\u00eda lleno de diversi\u00f3n y risas, mientras creamos recuerdos que siempre te har\u00e1n sonre\u00edr.<\/p>\t\t\t\t\t\t<\/div>\n\t\t\t\t<\/div>\n\t\t\t\t<div class=\"elementor-element elementor-element-7179690 elementor-align-center elementor-widget elementor-widget-button\" data-id=\"7179690\" data-element_type=\"widget\" data-widget_type=\"button.default\">\n\t\t\t\t<div class=\"elementor-widget-container\">\n\t\t\t\t\t<div class=\"elementor-button-wrapper\">\n\t\t\t<a class=\"elementor-button elementor-button-link elementor-size-sm elementor-animation-pulse-shrink\" href=\"https:\/\/laravistudiocu.com\/index.php\/paquetes-para-ninos\/\">\n\t\t\t\t\t\t<span class=\"elementor-button-content-wrapper\">\n\t\t\t\t\t\t<span class=\"elementor-button-text\">REVISAR OFERTAS<\/span>\n\t\t<\/span>\n\t\t\t\t\t<\/a>\n\t\t<\/div>\n\t\t\t\t<\/div>\n\t\t\t\t<\/div>\n\t\t\t\t<\/div>\n\t\t\t\t\t<\/div>\n\t\t\t\t<\/div>\n\t\t<div class=\"elementor-element elementor-element-f270834 e-flex e-con-boxed e-con e-parent\" data-id=\"f270834\" data-element_type=\"container\" data-settings=\"{&quot;content_width&quot;:&quot;boxed&quot;}\" data-core-v316-plus=\"true\">\n\t\t\t\t\t<div class=\"e-con-inner\">\n\t\t<div class=\"elementor-element elementor-element-d82f624 e-con-full e-flex e-con e-child\" data-id=\"d82f624\" data-element_type=\"container\" data-settings=\"{&quot;content_width&quot;:&quot;full&quot;}\">\n\t\t\t\t<div class=\"elementor-element elementor-element-3b778e2 elementor-widget elementor-widget-image\" data-id=\"3b778e2\" data-element_type=\"widget\" data-widget_type=\"image.default\">\n\t\t\t\t<div class=\"elementor-widget-container\">\n\t\t\t\t\t\t\t\t\t\t\t\t\t\t\t<img decoding=\"async\" width=\"1692\" height=\"2560\" src=\"https:\/\/laravistudiocu.com\/wp-content\/uploads\/2023\/12\/GGL3963-39x59-1-scaled.jpg\" class=\"attachment-full size-full wp-image-1709\" alt=\"\" srcset=\"https:\/\/laravistudiocu.com\/wp-content\/uploads\/2023\/12\/GGL3963-39x59-1-scaled.jpg 1692w, https:\/\/laravistudiocu.com\/wp-content\/uploads\/2023\/12\/GGL3963-39x59-1-198x300.jpg 198w, https:\/\/laravistudiocu.com\/wp-content\/uploads\/2023\/12\/GGL3963-39x59-1-677x1024.jpg 677w, https:\/\/laravistudiocu.com\/wp-content\/uploads\/2023\/12\/GGL3963-39x59-1-768x1162.jpg 768w\" sizes=\"(max-width: 1692px) 100vw, 1692px\" \/>\t\t\t\t\t\t\t\t\t\t\t\t\t\t\t<\/div>\n\t\t\t\t<\/div>\n\t\t\t\t<\/div>\n\t\t<div class=\"elementor-element elementor-element-dda9887 e-con-full e-flex e-con e-child\" data-id=\"dda9887\" data-element_type=\"container\" data-settings=\"{&quot;content_width&quot;:&quot;full&quot;}\">\n\t\t\t\t<div class=\"elementor-element elementor-element-dbd12a7 elementor-widget elementor-widget-heading\" data-id=\"dbd12a7\" data-element_type=\"widget\" data-widget_type=\"heading.default\">\n\t\t\t\t<div class=\"elementor-widget-container\">\n\t\t\t<h4 class=\"elementor-heading-title elementor-size-default\">FOTOGRAF\u00cdA  DE QUINCEA\u00d1ERAS<\/h4>\t\t<\/div>\n\t\t\t\t<\/div>\n\t\t\t\t<div class=\"elementor-element elementor-element-ed08cdd elementor-widget elementor-widget-text-editor\" data-id=\"ed08cdd\" data-element_type=\"widget\" data-widget_type=\"text-editor.default\">\n\t\t\t\t<div class=\"elementor-widget-container\">\n\t\t\t\t\t\t\t<p>\u00a1Descubre el arte de la fotograf\u00eda como nunca antes! En nuestro estudio, transformamos momentos en obras visuales. Cada clic de la c\u00e1mara es una oportunidad para capturar la esencia de tus sue\u00f1os y personalidad. Nuestro equipo te guiar\u00e1 a trav\u00e9s de una experiencia \u00fanica, donde la luz, el color y la composici\u00f3n se fusionan para crear retratos impresionantes. Desde retratos familiares que transmiten amor y uni\u00f3n, hasta retratos personales que resaltan tu singularidad, nuestro trabajo eleva tus recuerdos a una dimensi\u00f3n art\u00edstica. Ven y si\u00e9ntete como una estrella en nuestro estudio, donde cada imagen cuenta una historia cautivadora.<\/p>\t\t\t\t\t\t<\/div>\n\t\t\t\t<\/div>\n\t\t\t\t<div class=\"elementor-element elementor-element-6a32355 elementor-align-center elementor-widget elementor-widget-button\" data-id=\"6a32355\" data-element_type=\"widget\" data-widget_type=\"button.default\">\n\t\t\t\t<div class=\"elementor-widget-container\">\n\t\t\t\t\t<div class=\"elementor-button-wrapper\">\n\t\t\t<a class=\"elementor-button elementor-button-link elementor-size-sm elementor-animation-pulse-shrink\" href=\"https:\/\/laravistudiocu.com\/index.php\/paquetes-para-quinceaneras\/\">\n\t\t\t\t\t\t<span class=\"elementor-button-content-wrapper\">\n\t\t\t\t\t\t<span class=\"elementor-button-text\">REVISAR OFERTAS<\/span>\n\t\t<\/span>\n\t\t\t\t\t<\/a>\n\t\t<\/div>\n\t\t\t\t<\/div>\n\t\t\t\t<\/div>\n\t\t\t\t<\/div>\n\t\t\t\t\t<\/div>\n\t\t\t\t<\/div>\n\t\t<div class=\"elementor-element elementor-element-89f0651 e-flex e-con-boxed e-con e-parent\" data-id=\"89f0651\" data-element_type=\"container\" data-settings=\"{&quot;content_width&quot;:&quot;boxed&quot;}\" data-core-v316-plus=\"true\">\n\t\t\t\t\t<div class=\"e-con-inner\">\n\t\t<div class=\"elementor-element elementor-element-0d63c59 e-con-full e-flex e-con e-child\" data-id=\"0d63c59\" data-element_type=\"container\" data-settings=\"{&quot;content_width&quot;:&quot;full&quot;}\">\n\t\t\t\t<div class=\"elementor-element elementor-element-65c3c3c elementor-widget elementor-widget-image\" data-id=\"65c3c3c\" data-element_type=\"widget\" data-widget_type=\"image.default\">\n\t\t\t\t<div class=\"elementor-widget-container\">\n\t\t\t\t\t\t\t\t\t\t\t\t\t\t\t<img decoding=\"async\" width=\"2133\" height=\"2560\" src=\"https:\/\/laravistudiocu.com\/wp-content\/uploads\/2023\/12\/DSC_5911-scaled.jpg\" class=\"attachment-full size-full wp-image-1819\" alt=\"\" srcset=\"https:\/\/laravistudiocu.com\/wp-content\/uploads\/2023\/12\/DSC_5911-scaled.jpg 2133w, https:\/\/laravistudiocu.com\/wp-content\/uploads\/2023\/12\/DSC_5911-250x300.jpg 250w, https:\/\/laravistudiocu.com\/wp-content\/uploads\/2023\/12\/DSC_5911-853x1024.jpg 853w, https:\/\/laravistudiocu.com\/wp-content\/uploads\/2023\/12\/DSC_5911-768x922.jpg 768w, https:\/\/laravistudiocu.com\/wp-content\/uploads\/2023\/12\/DSC_5911-1280x1536.jpg 1280w, https:\/\/laravistudiocu.com\/wp-content\/uploads\/2023\/12\/DSC_5911-1707x2048.jpg 1707w\" sizes=\"(max-width: 2133px) 100vw, 2133px\" \/>\t\t\t\t\t\t\t\t\t\t\t\t\t\t\t<\/div>\n\t\t\t\t<\/div>\n\t\t\t\t<\/div>\n\t\t<div class=\"elementor-element elementor-element-4897024 e-con-full e-flex e-con e-child\" data-id=\"4897024\" data-element_type=\"container\" data-settings=\"{&quot;content_width&quot;:&quot;full&quot;}\">\n\t\t\t\t<div class=\"elementor-element elementor-element-6bf4288 elementor-widget elementor-widget-heading\" data-id=\"6bf4288\" data-element_type=\"widget\" data-widget_type=\"heading.default\">\n\t\t\t\t<div class=\"elementor-widget-container\">\n\t\t\t<h4 class=\"elementor-heading-title elementor-size-default\">FOTOGRAF\u00cdAS, APLIACIONES Y ACCESORIOS<\/h4>\t\t<\/div>\n\t\t\t\t<\/div>\n\t\t\t\t<div class=\"elementor-element elementor-element-2080280 elementor-widget elementor-widget-text-editor\" data-id=\"2080280\" data-element_type=\"widget\" data-widget_type=\"text-editor.default\">\n\t\t\t\t<div class=\"elementor-widget-container\">\n\t\t\t\t\t\t\t<p>Inmortaliza el d\u00eda m\u00e1s especial de tu vida con nosotros. Capturamos cada momento, cada mirada y cada detalle con pasi\u00f3n y precisi\u00f3n. Nuestros fot\u00f3grafos trabajan discretamente para captar la esencia de tu esp\u00edritu, creando un legado visual que durar\u00e1 toda la vida. Desde la emocionante preparaci\u00f3n hasta la la celebraci\u00f3n festiva, documentamos cada instante con estilo y elegancia. Conf\u00eda en nosotros para transformar tu celebraci\u00f3n en una historia atemporal que puedas revivir una y otra vez. Deja que nuestras im\u00e1genes cuenten tu historia.<\/p>\t\t\t\t\t\t<\/div>\n\t\t\t\t<\/div>\n\t\t\t\t<div class=\"elementor-element elementor-element-a98e0b4 elementor-align-center elementor-widget elementor-widget-button\" data-id=\"a98e0b4\" data-element_type=\"widget\" data-widget_type=\"button.default\">\n\t\t\t\t<div class=\"elementor-widget-container\">\n\t\t\t\t\t<div class=\"elementor-button-wrapper\">\n\t\t\t<a class=\"elementor-button elementor-button-link elementor-size-sm elementor-animation-pulse-shrink\" href=\"https:\/\/laravistudiocu.com\/index.php\/precios\/\">\n\t\t\t\t\t\t<span class=\"elementor-button-content-wrapper\">\n\t\t\t\t\t\t<span class=\"elementor-button-text\">REVISAR PRECIOS<\/span>\n\t\t<\/span>\n\t\t\t\t\t<\/a>\n\t\t<\/div>\n\t\t\t\t<\/div>\n\t\t\t\t<\/div>\n\t\t\t\t<\/div>\n\t\t\t\t\t<\/div>\n\t\t\t\t<\/div>\n\t\t\t\t\t\t\t<\/div>\n\t\t","protected":false},"excerpt":{"rendered":"<p>nuestros servicios FOTOGRAF\u00cdA PARA NI\u00d1OS \u00a1Captura la dulzura y la alegr\u00eda de la infancia en cada instant\u00e1nea con nuestra fotograf\u00eda infantil! En nuestro estudio, creamos un ambiente divertido y seguro donde los ni\u00f1os pueden ser ellos mismos, mientras nuestros fot\u00f3grafos inmortalizan sus momentos m\u00e1s adorables y traviesos. Desde las sonrisas contagiosas hasta los gestos tiernos, &hellip;<\/p>\n<p class=\"read-more\"> <a class=\"\" href=\"https:\/\/laravistudiocu.com\/index.php\/servicios\/\"> <span class=\"screen-reader-text\">Servicios<\/span> Leer m\u00e1s &raquo;<\/a><\/p>\n","protected":false},"author":1,"featured_media":0,"parent":0,"menu_order":0,"comment_status":"closed","ping_status":"closed","template":"","meta":{"om_disable_all_campaigns":false,"_monsterinsights_skip_tracking":false,"_monsterinsights_sitenote_active":false,"_monsterinsights_sitenote_note":"","_monsterinsights_sitenote_category":0,"site-sidebar-layout":"no-sidebar","site-content-layout":"page-builder","ast-site-content-layout":"","site-content-style":"default","site-sidebar-style":"default","ast-global-header-display":"","ast-banner-title-visibility":"","ast-main-header-display":"","ast-hfb-above-header-display":"","ast-hfb-below-header-display":"","ast-hfb-mobile-header-display":"","site-post-title":"disabled","ast-breadcrumbs-content":"","ast-featured-img":"disabled","footer-sml-layout":"","theme-transparent-header-meta":"enabled","adv-header-id-meta":"","stick-header-meta":"","header-above-stick-meta":"","header-main-stick-meta":"","header-below-stick-meta":"","astra-migrate-meta-layouts":"default","ast-page-background-enabled":"default","ast-page-background-meta":{"desktop":{"background-color":"var(--ast-global-color-4)","background-image":"","background-repeat":"repeat","background-position":"center center","background-size":"auto","background-attachment":"scroll","background-type":"","background-media":"","overlay-type":"","overlay-color":"","overlay-gradient":""},"tablet":{"background-color":"","background-image":"","background-repeat":"repeat","background-position":"center center","background-size":"auto","background-attachment":"scroll","background-type":"","background-media":"","overlay-type":"","overlay-color":"","overlay-gradient":""},"mobile":{"background-color":"","background-image":"","background-repeat":"repeat","background-position":"center center","background-size":"auto","background-attachment":"scroll","background-type":"","background-media":"","overlay-type":"","overlay-color":"","overlay-gradient":""}},"ast-content-background-meta":{"desktop":{"background-color":"var(--ast-global-color-5)","background-image":"","background-repeat":"repeat","background-position":"center center","background-size":"auto","background-attachment":"scroll","background-type":"","background-media":"","overlay-type":"","overlay-color":"","overlay-gradient":""},"tablet":{"background-color":"var(--ast-global-color-5)","background-image":"","background-repeat":"repeat","background-position":"center center","background-size":"auto","background-attachment":"scroll","background-type":"","background-media":"","overlay-type":"","overlay-color":"","overlay-gradient":""},"mobile":{"background-color":"var(--ast-global-color-5)","background-image":"","background-repeat":"repeat","background-position":"center center","background-size":"auto","background-attachment":"scroll","background-type":"","background-media":"","overlay-type":"","overlay-color":"","overlay-gradient":""}},"footnotes":""},"class_list":["post-15","page","type-page","status-publish","hentry"],"aioseo_notices":[],"_links":{"self":[{"href":"https:\/\/laravistudiocu.com\/index.php\/wp-json\/wp\/v2\/pages\/15"}],"collection":[{"href":"https:\/\/laravistudiocu.com\/index.php\/wp-json\/wp\/v2\/pages"}],"about":[{"href":"https:\/\/laravistudiocu.com\/index.php\/wp-json\/wp\/v2\/types\/page"}],"author":[{"embeddable":true,"href":"https:\/\/laravistudiocu.com\/index.php\/wp-json\/wp\/v2\/users\/1"}],"replies":[{"embeddable":true,"href":"https:\/\/laravistudiocu.com\/index.php\/wp-json\/wp\/v2\/comments?post=15"}],"version-history":[{"count":25,"href":"https:\/\/laravistudiocu.com\/index.php\/wp-json\/wp\/v2\/pages\/15\/revisions"}],"predecessor-version":[{"id":1822,"href":"https:\/\/laravistudiocu.com\/index.php\/wp-json\/wp\/v2\/pages\/15\/revisions\/1822"}],"wp:attachment":[{"href":"https:\/\/laravistudiocu.com\/index.php\/wp-json\/wp\/v2\/media?parent=15"}],"curies":[{"name":"wp","href":"https:\/\/api.w.org\/{rel}","templated":true}]}}